{"id":185,"date":"2024-11-24T11:27:58","date_gmt":"2024-11-24T13:27:58","guid":{"rendered":"https:\/\/mini.palamania.com\/numpala\/"},"modified":"2025-07-05T13:09:57","modified_gmt":"2025-07-05T15:09:57","slug":"numpala-kuva","status":"publish","type":"page","link":"https:\/\/mini.palamania.com\/fi\/numpala-kuva\/","title":{"rendered":"Numpala kuva"},"content":{"rendered":"\r\n<div class=\"npc-container\" id=\"npc\">\r\n    <div id=\"npc-puzzle\" class=\"npc-puzzle\">\r\n        <div class=\"npc-wrapper\"><div class=\"npc-app\"><\/div><\/div>\r\n        <div class=\"helper-container\">\r\n            <div id=\"helper\" class=\"helper\"><\/div>\r\n        <\/div>\r\n        <div class=\"mpm-dashboard\">\r\n            <div class=\"group\">\r\n                <div id=\"start\" class=\"pp-item pp-item-1-3 pp-item-center pp-item-hover select-game\">\r\n                    <i class=\"fas fa-bars\"><\/i>\r\n                    <span class=\"notify-select\"><div class=\"circle pulse\"><\/div><\/span>\r\n                <\/div>\r\n                <div class=\"pp-item pp-item-1-3 pp-item-center pp-item-hover\">\r\n                    <i class=\"change-image  fas fa-images\"><\/i>\r\n                <\/div>\r\n                <div class=\"pp-item pp-item-1-3 pp-item-center pp-item-hover\">\r\n                    <i id=\"npc-shuffle\" class=\"shuffler fas fa-random\"><\/i>\r\n                <\/div>\r\n            <\/div>\r\n        <\/div>\r\n    <\/div>\r\n<\/div>\r\n<section class=\"section bg-white\">\r\n    <div class=\"container\">\r\n        <div class=\"mpm-guide\">\r\n            <h1 class=\"title\">Numerointi palapeli lapsille<\/h1>\r\n            <p>Tervetuloa Mini Palamanian pulmalliseen maailmaan!<br>T\u00e4ss\u00e4 peliss\u00e4 tavoitteena on klikata sekoitetut kuvan palaset oikeassa j\u00e4rjestyksess\u00e4.<br>T\u00e4m\u00e4 numerointi peli on mainio tapa kehitt\u00e4\u00e4 lapsen muistia ja keskittymiskyky\u00e4.<\/p>\n<p><strong>Kuinka pelata<\/strong>\n<br>1. Aloita peli valitsemalla ensin koko, kategoria ja avulias apuri opastamaan sinua.\n<br>2. Palamania arpoo sinulle satunnaisen kuvan valintasi mukaan.\n<br>3. Nyt on aika pelata - klikkaa paloja oikeassa j\u00e4rjestyksess\u00e4, ensimm\u00e4isest\u00e4 viimeiseen.\n<br>4. Kun olet klikannut kaikki oikein, n\u00e4et ratkaistun kuvan.<\/p>            <p style=\"font-weight: bold; text-transform: uppercase;\">Painikkeet<\/p>\r\n            <ul class=\"mpm-guide-buttons\">\r\n                <li><span class=\"guide-icon\"><i class=\"fas fa-play-circle\"><\/i><\/span>Pelaa<\/li> \r\n                <li><span class=\"guide-icon\"> <i class=\"fas fa-images\"><\/i><\/span>Vaihda kuva<\/li> \r\n                <li><span class=\"guide-icon\"><i class=\"fas fa-random\"><\/i><\/span>Sekoita<\/li> \r\n            <\/ul>\r\n        <\/div>\r\n        <div class=\"victory-card-container\">\r\n            <div class=\"victory-card-list\">\r\n                <div class=\"victory-card-info\">\r\n                    <h2 class=\"title\">Voittokortit<\/h2>\r\n                    <p>Kultakortin aina ansaitset, kun kuvan virhett\u00e4 ratkaiset.<br>Bonuskortit sua odottaa, kun kolmesti kultakortit oikein saat.<\/p>                <\/div>\r\n                <div class=\"victory-card-menu\">\r\n    <div class=\"victory-card-menu-item victory-card-menu-gold active\" data-type=\"1\">Kulta<\/div>\r\n    <div class=\"victory-card-menu-item victory-card-menu-bonus\" data-type=\"2\">Bonus<\/div>\r\n<\/div>\r\n<div class=\"victory-cards\">\r\n    <div class=\"no-images\">Ei mit\u00e4\u00e4n n\u00e4ht\u00e4v\u00e4\u00e4 viel\u00e4.<\/div>\r\n<\/div>            <\/div>\r\n        <\/div>\r\n    <\/div>\r\n<\/section>\n\n\n\n<p><\/p>\n","protected":false},"excerpt":{"rendered":"","protected":false},"author":1,"featured_media":0,"parent":0,"menu_order":0,"comment_status":"closed","ping_status":"closed","template":"","meta":{"footnotes":""},"class_list":["post-185","page","type-page","status-publish","hentry"],"_links":{"self":[{"href":"https:\/\/mini.palamania.com\/fi\/wp-json\/wp\/v2\/pages\/185","targetHints":{"allow":["GET"]}}],"collection":[{"href":"https:\/\/mini.palamania.com\/fi\/wp-json\/wp\/v2\/pages"}],"about":[{"href":"https:\/\/mini.palamania.com\/fi\/wp-json\/wp\/v2\/types\/page"}],"author":[{"embeddable":true,"href":"https:\/\/mini.palamania.com\/fi\/wp-json\/wp\/v2\/users\/1"}],"replies":[{"embeddable":true,"href":"https:\/\/mini.palamania.com\/fi\/wp-json\/wp\/v2\/comments?post=185"}],"version-history":[{"count":2,"href":"https:\/\/mini.palamania.com\/fi\/wp-json\/wp\/v2\/pages\/185\/revisions"}],"predecessor-version":[{"id":215,"href":"https:\/\/mini.palamania.com\/fi\/wp-json\/wp\/v2\/pages\/185\/revisions\/215"}],"wp:attachment":[{"href":"https:\/\/mini.palamania.com\/fi\/wp-json\/wp\/v2\/media?parent=185"}],"curies":[{"name":"wp","href":"https:\/\/api.w.org\/{rel}","templated":true}]}}