{"id":199,"date":"2024-12-19T13:09:42","date_gmt":"2024-12-19T15:09:42","guid":{"rendered":"https:\/\/mini.palamania.com\/?page_id=199"},"modified":"2025-07-05T13:09:21","modified_gmt":"2025-07-05T15:09:21","slug":"kuva-liukupalapeli","status":"publish","type":"page","link":"https:\/\/mini.palamania.com\/fi\/kuva-liukupalapeli\/","title":{"rendered":"Kuva liukupalapeli"},"content":{"rendered":"\r\n<div class=\"spc-container\" id=\"spc\">\r\n    <div id=\"spc-puzzle\" class=\"spc-puzzle\">\r\n        <div class=\"spc-wrapper\"><div class=\"spc-app\"><\/div><\/div>\r\n        <div class=\"helper-container\">\r\n            <div id=\"helper\" class=\"helper\"><\/div>\r\n        <\/div>\r\n        <div class=\"mpm-dashboard\">\r\n            <div class=\"group\">\r\n                <div id=\"setup\" class=\"select-game pp-item pp-item-1-2 pp-item-center pp-item-hover\">\r\n                    <i class=\"fas fa-bars\"><\/i> \r\n                    <span class=\"notify-select\"><div class=\"circle pulse\"><\/div><\/span>\r\n                <\/div>\r\n                <div class=\" pp-item pp-item-1-2\">\r\n                    <i id=\"spc-random-image\" class=\"fas fa-sun pp-item-center pp-item-hover\"><\/i>\r\n                <\/div>\r\n            <\/div>\r\n            <div class=\"group\">\r\n                <div class=\"pp-item pp-item pp-item-1-2\">\r\n                    <i id=\"spc-new-image\"  class=\"fas fa-images change-image pp-item-center pp-item-hover\"><\/i>\r\n                <\/div>\r\n                <div class=\" pp-item pp-item-1-2\">\r\n                    <i id=\"spc-restart\" class=\"fas fa-redo fa-flip-horizontal restart-game pp-item-center pp-item-hover\"><\/i>\r\n                <\/div>\r\n                <div class=\"pp-item pp-item-1-2\">\r\n                    <i id=\"spc-numbers\" class=\"fas fa-eye numbers count-numbers pp-item-center pp-item-hover\"><\/i>\r\n                <\/div>\r\n                <div class=\"pp-item pp-item-1-2\">\r\n                    <i id=\"spc-shuffle\" class=\"fas fa-random shuffler  pp-item-center pp-item-hover\"><\/i>\r\n                <\/div>\r\n            <\/div>\r\n        <\/div>\r\n    <\/div>\r\n<\/div>\r\n<section class=\"section bg-white\">\r\n    <div class=\"container\">\r\n        <div class=\"mpm-guide\">\r\n            <h1 class=\"title\">Lasten liukupalapeli<\/h1>\r\n            <p>Tervetuloa Mini Palamanian liukupalapeliin! Peli on suunnattu 3-8 vuotialle lapsille. Helppo pelata, t\u00e4ynn\u00e4 v\u00e4rikk\u00e4it\u00e4 kuvia ja erinomaista ruutuaikaa, joka kehitt\u00e4\u00e4 lapsen ongelmanratkaisutaitoja.<\/p><p><strong>Kuinka pelata<\/strong>\n<br>1. Valitse palapelin koko ja suosikkikuvategoriasi.\n<br>2. Palamania arpoo satunnaisen kuvan sinulle. Voit vaihtaa sit\u00e4 my\u00f6hemmin.\n<br>3. Nyt on aika pelata - siirr\u00e4 paloja yksi kerrallaan saadaksesi kuva takaisin oikeaan j\u00e4rjestykseen.\n<br>4. Voit siirt\u00e4\u00e4 yht\u00e4 palaa kerrallaan tyhj\u00e4\u00e4n kohtaan.\n<br>5. Jumissa? Klikkaa Jelppi\u00e4 n\u00e4hd\u00e4ksesi, milt\u00e4 valmis kuva n\u00e4ytt\u00e4\u00e4.\n<br>6. Aktivoimalla numerot n\u00e4et mihin kukin pala kuuluu.\n <\/p>\n            <p style=\"font-weight: bold; text-transform: uppercase;\">Painikkeet<\/p>\r\n            <ul class=\"mpm-guide-buttons\">\r\n                <li><span class=\"guide-icon\"><i class=\"fas fa-sun\"><\/i><\/span>Satunnainen kategoria<\/li> \r\n                <li><span class=\"guide-icon\"> <i class=\"fas fa-images\"><\/i><\/span>Vaihda kuva<\/li> \r\n                <li><span class=\"guide-icon\"><i class=\"fas fa-redo fa-flip-horizontal\"><\/i><\/span>Aloita alusta<\/li> \r\n                <li><span class=\"guide-icon\"><i class=\"fas fa-eye\"><\/i><\/span>N\u00e4yt\u00e4 numerot<\/li> \r\n                <li><span class=\"guide-icon\"><i class=\"fas fa-random\"><\/i><\/span>Sekoita<\/li> \r\n            <\/ul>\r\n        <\/div>\r\n        \r\n        <div class=\"victory-card-container\">\r\n            <div class=\"victory-card-list\">\r\n                <div class=\"victory-card-info\">\r\n                    <h2 class=\"title\">Voittokortit<\/h2>\r\n                    <p>Kultakortin aina ansaitset, kun kuvan ilman Jelppi\u00e4 ratkaiset.<br>\nBonuskortit sua odottaa, kun kolmesti kultakortit oikein saat.<\/p>                <\/div>\r\n                <div class=\"victory-card-menu\">\r\n    <div class=\"victory-card-menu-item victory-card-menu-gold active\" data-type=\"1\">Kulta<\/div>\r\n    <div class=\"victory-card-menu-item victory-card-menu-bonus\" data-type=\"2\">Bonus<\/div>\r\n<\/div>\r\n<div class=\"victory-cards\">\r\n    <div class=\"no-images\">Ei mit\u00e4\u00e4n n\u00e4ht\u00e4v\u00e4\u00e4 viel\u00e4.<\/div>\r\n<\/div>            <\/div>\r\n        <\/div>\r\n    <\/div>\r\n<\/section>\r\n\n\n\n\n<p><\/p>\n","protected":false},"excerpt":{"rendered":"","protected":false},"author":1,"featured_media":0,"parent":0,"menu_order":0,"comment_status":"closed","ping_status":"closed","template":"","meta":{"footnotes":""},"class_list":["post-199","page","type-page","status-publish","hentry"],"_links":{"self":[{"href":"https:\/\/mini.palamania.com\/fi\/wp-json\/wp\/v2\/pages\/199","targetHints":{"allow":["GET"]}}],"collection":[{"href":"https:\/\/mini.palamania.com\/fi\/wp-json\/wp\/v2\/pages"}],"about":[{"href":"https:\/\/mini.palamania.com\/fi\/wp-json\/wp\/v2\/types\/page"}],"author":[{"embeddable":true,"href":"https:\/\/mini.palamania.com\/fi\/wp-json\/wp\/v2\/users\/1"}],"replies":[{"embeddable":true,"href":"https:\/\/mini.palamania.com\/fi\/wp-json\/wp\/v2\/comments?post=199"}],"version-history":[{"count":3,"href":"https:\/\/mini.palamania.com\/fi\/wp-json\/wp\/v2\/pages\/199\/revisions"}],"predecessor-version":[{"id":218,"href":"https:\/\/mini.palamania.com\/fi\/wp-json\/wp\/v2\/pages\/199\/revisions\/218"}],"wp:attachment":[{"href":"https:\/\/mini.palamania.com\/fi\/wp-json\/wp\/v2\/media?parent=199"}],"curies":[{"name":"wp","href":"https:\/\/api.w.org\/{rel}","templated":true}]}}